{"id":29843,"date":"2025-01-05T17:58:00","date_gmt":"2025-01-05T16:58:00","guid":{"rendered":"https:\/\/www.emilieeychenne.fr\/?post_type=product&#038;p=29843"},"modified":"2026-04-11T10:24:06","modified_gmt":"2026-04-11T09:24:06","slug":"le-kit-tarifaire","status":"publish","type":"product","link":"https:\/\/www.emilieeychenne.fr\/en\/product\/le-kit-tarifaire\/","title":{"rendered":"Le kit Tarifaire"},"content":{"rendered":"","protected":false},"excerpt":{"rendered":"<p>Tu te demandes souvent comment fixer des tarifs justes pour toi et tes clients ? Tu as l&#8217;impression que ces derniers ne regardent que le prix et tu peines \u00e0 les convaincre lors des premiers \u00e9changes ? Le Kit Tarifaire est l\u2019outil qu\u2019il te faut : gr\u00e2ce au simulateur apprend \u00e0 fixer ta valeur, puis utilise le workbook pour cr\u00e9er ou am\u00e9liorer ta plaquette d&#8217;infos. Si tu n&#8217;as pas encore d&#8217;outil, je t&#8217;ai pr\u00e9vu un template \u00e0 personnaliser !<\/p>\n","protected":false},"featured_media":30065,"comment_status":"open","ping_status":"closed","template":"","meta":{"_acf_changed":false,"_seopress_robots_primary_cat":"none","_seopress_titles_title":"","_seopress_titles_desc":"","_seopress_robots_index":"","narrative_post_script":"","_kad_blocks_custom_css":"","_kad_blocks_head_custom_js":"","_kad_blocks_body_custom_js":"","_kad_blocks_footer_custom_js":"","_kad_post_transparent":"default","_kad_post_title":"","_kad_post_layout":"default","_kad_post_sidebar_id":"","_kad_post_content_style":"default","_kad_post_vertical_padding":"default","_kad_post_feature":"","_kad_post_feature_position":"","_kad_post_header":false,"_kad_post_footer":false},"product_brand":[],"product_cat":[54],"product_tag":[53],"class_list":{"0":"post-29843","1":"product","2":"type-product","3":"status-publish","4":"has-post-thumbnail","6":"product_cat-kit","7":"product_tag-kit","9":"first","10":"instock","11":"downloadable","12":"virtual","13":"taxable","14":"purchasable","15":"product-type-simple","16":"entry","17":"content-bg","18":"loop-entry"},"acf":[],"taxonomy_info":{"product_cat":[{"value":54,"label":"kit"}],"product_tag":[{"value":53,"label":"kit"}]},"featured_image_src_large":["https:\/\/www.emilieeychenne.fr\/app\/uploads\/2025\/01\/Mock-up-simulateur-ipad-1024x683.png",1024,683,true],"author_info":[],"comment_info":0,"_links":{"self":[{"href":"https:\/\/www.emilieeychenne.fr\/en\/wp-json\/wp\/v2\/product\/29843","targetHints":{"allow":["GET"]}}],"collection":[{"href":"https:\/\/www.emilieeychenne.fr\/en\/wp-json\/wp\/v2\/product"}],"about":[{"href":"https:\/\/www.emilieeychenne.fr\/en\/wp-json\/wp\/v2\/types\/product"}],"replies":[{"embeddable":true,"href":"https:\/\/www.emilieeychenne.fr\/en\/wp-json\/wp\/v2\/comments?post=29843"}],"wp:featuredmedia":[{"embeddable":true,"href":"https:\/\/www.emilieeychenne.fr\/en\/wp-json\/wp\/v2\/media\/30065"}],"wp:attachment":[{"href":"https:\/\/www.emilieeychenne.fr\/en\/wp-json\/wp\/v2\/media?parent=29843"}],"wp:term":[{"taxonomy":"product_brand","embeddable":true,"href":"https:\/\/www.emilieeychenne.fr\/en\/wp-json\/wp\/v2\/product_brand?post=29843"},{"taxonomy":"product_cat","embeddable":true,"href":"https:\/\/www.emilieeychenne.fr\/en\/wp-json\/wp\/v2\/product_cat?post=29843"},{"taxonomy":"product_tag","embeddable":true,"href":"https:\/\/www.emilieeychenne.fr\/en\/wp-json\/wp\/v2\/product_tag?post=29843"}],"curies":[{"name":"wp","href":"https:\/\/api.w.org\/{rel}","templated":true}]}}